{"id":7,"date":"2017-06-27T14:27:04","date_gmt":"2017-06-27T12:27:04","guid":{"rendered":"https:\/\/www.sv-benhausen.de\/wp\/?page_id=7"},"modified":"2025-11-24T20:52:19","modified_gmt":"2025-11-24T19:52:19","slug":"willkommen","status":"publish","type":"page","link":"https:\/\/www.sv-benhausen.de\/","title":{"rendered":"Willkommen"},"content":{"rendered":"\t\t<div data-elementor-type=\"wp-post\" data-elementor-id=\"7\" class=\"elementor elementor-7\">\n\t\t\t\t\t\t<div class=\"elementor-inner\">\n\t\t\t\t<div class=\"elementor-section-wrap\">\n\t\t\t\t\t\t\t\t\t<section class=\"elementor-section elementor-top-section elementor-element elementor-element-7cc9705 elementor-section-boxed elementor-section-height-default elementor-section-height-default\" data-id=\"7cc9705\" data-element_type=\"section\">\n\t\t\t\t\t\t<div class=\"elementor-container elementor-column-gap-default\">\n\t\t\t\t\t\t\t<div class=\"elementor-row\">\n\t\t\t\t\t<div class=\"elementor-column elementor-col-100 elementor-top-column elementor-element elementor-element-c84c464\" data-id=\"c84c464\" data-element_type=\"column\" data-settings=\"{&quot;background_background&quot;:&quot;classic&quot;}\">\n\t\t\t<div class=\"elementor-column-wrap elementor-element-populated\">\n\t\t\t\t\t\t\t<div class=\"elementor-widget-wrap\">\n\t\t\t\t\t\t<div class=\"elementor-element elementor-element-aa8b405 elementor-widget elementor-widget-text-editor\" data-id=\"aa8b405\" data-element_type=\"widget\" data-widget_type=\"text-editor.default\">\n\t\t\t\t<div class=\"elementor-widget-container\">\n\t\t\t\t\t\t\t\t<div class=\"elementor-text-editor elementor-clearfix\">\n\t\t\t\t<p>Der <strong>SV BW Benhausen 1921 e.V.<\/strong> wurde 1921 von 11 jungen fu\u00dfballbegeisterten Benhauser M\u00e4nnern als reiner Fu\u00dfballverein gegr\u00fcndet.<\/p><p>Seit Anfang der siebziger Jahre entwickelte sich der Verein kontinuierlich zu einem modernen Sportverein mit heute 11 Abteilungen bzw. Sektionen und insgesamt mehr als 825 Mitgliedern.<\/p><p>Er bietet ein reichhaltiges Angebot f\u00fcr alle Altersgruppen, insbesondere auch im Breiten- und Gesundheitssport.<\/p><p>Unser Angebot:<\/p><ul><li>Kompetente und engagierte \u00dcbungsleiter\/innen<\/li><li>Sportliche Angebote f\u00fcr jedes Alter: Angefangen beim Kinderturnen f\u00fcr die ganz Kleinen \u00fcber Tischtennis und Tanzen bis hin zum Seniorensport in der Wanderabteilung.<\/li><\/ul>\t\t\t\t\t<\/div>\n\t\t\t\t\t\t<\/div>\n\t\t\t\t<\/div>\n\t\t\t\t\t\t<\/div>\n\t\t\t\t\t<\/div>\n\t\t<\/div>\n\t\t\t\t\t\t\t\t<\/div>\n\t\t\t\t\t<\/div>\n\t\t<\/section>\n\t\t\t\t<section class=\"elementor-section elementor-top-section elementor-element elementor-element-2a55fbd elementor-section-boxed elementor-section-height-default elementor-section-height-default\" data-id=\"2a55fbd\" data-element_type=\"section\">\n\t\t\t\t\t\t<div class=\"elementor-container elementor-column-gap-default\">\n\t\t\t\t\t\t\t<div class=\"elementor-row\">\n\t\t\t\t\t<div class=\"elementor-column elementor-col-100 elementor-top-column elementor-element elementor-element-66db650\" data-id=\"66db650\" data-element_type=\"column\" data-settings=\"{&quot;background_background&quot;:&quot;classic&quot;}\">\n\t\t\t<div class=\"elementor-column-wrap elementor-element-populated\">\n\t\t\t\t\t\t\t<div class=\"elementor-widget-wrap\">\n\t\t\t\t\t\t<div class=\"elementor-element elementor-element-677bcab elementor-widget elementor-widget-image\" data-id=\"677bcab\" data-element_type=\"widget\" data-widget_type=\"image.default\">\n\t\t\t\t<div class=\"elementor-widget-container\">\n\t\t\t\t\t\t\t\t<div class=\"elementor-image\">\n\t\t\t\t\t\t\t\t\t\t\t\t<img loading=\"lazy\" decoding=\"async\" width=\"750\" height=\"500\" src=\"https:\/\/www.sv-benhausen.de\/wp-content\/uploads\/DJI_0279-1024x683.jpg\" class=\"attachment-large size-large wp-image-1438\" alt=\"\" srcset=\"https:\/\/www.sv-benhausen.de\/wp-content\/uploads\/DJI_0279-1024x683.jpg 1024w, https:\/\/www.sv-benhausen.de\/wp-content\/uploads\/DJI_0279-300x200.jpg 300w, https:\/\/www.sv-benhausen.de\/wp-content\/uploads\/DJI_0279-768x512.jpg 768w, https:\/\/www.sv-benhausen.de\/wp-content\/uploads\/DJI_0279-1536x1024.jpg 1536w, https:\/\/www.sv-benhausen.de\/wp-content\/uploads\/DJI_0279-2048x1365.jpg 2048w\" sizes=\"auto, (max-width: 750px) 100vw, 750px\" \/>\t\t\t\t\t\t\t\t\t\t\t\t\t\t<\/div>\n\t\t\t\t\t\t<\/div>\n\t\t\t\t<\/div>\n\t\t\t\t\t\t<\/div>\n\t\t\t\t\t<\/div>\n\t\t<\/div>\n\t\t\t\t\t\t\t\t<\/div>\n\t\t\t\t\t<\/div>\n\t\t<\/section>\n\t\t\t\t\t\t\t\t\t<\/div>\n\t\t\t<\/div>\n\t\t\t\t\t<\/div>\n\t\t","protected":false},"excerpt":{"rendered":"<p>Der SV BW Benhausen 1921 e.V. wurde 1921 von 11 jungen fu\u00dfballbegeisterten Benhauser M\u00e4nnern als reiner Fu\u00dfballverein gegr\u00fcndet. Seit Anfang der siebziger Jahre entwickelte sich der Verein kontinuierlich zu einem modernen Sportverein mit heute 11 Abteilungen bzw. Sektionen und insgesamt mehr als 825 Mitgliedern. Er bietet ein reichhaltiges Angebot f\u00fcr &hellip; <\/p>\n","protected":false},"author":1,"featured_media":0,"parent":0,"menu_order":0,"comment_status":"closed","ping_status":"closed","template":"","meta":{"footnotes":""},"class_list":["post-7","page","type-page","status-publish","hentry"],"_links":{"self":[{"href":"https:\/\/www.sv-benhausen.de\/index.php?rest_route=\/wp\/v2\/pages\/7","targetHints":{"allow":["GET"]}}],"collection":[{"href":"https:\/\/www.sv-benhausen.de\/index.php?rest_route=\/wp\/v2\/pages"}],"about":[{"href":"https:\/\/www.sv-benhausen.de\/index.php?rest_route=\/wp\/v2\/types\/page"}],"author":[{"embeddable":true,"href":"https:\/\/www.sv-benhausen.de\/index.php?rest_route=\/wp\/v2\/users\/1"}],"replies":[{"embeddable":true,"href":"https:\/\/www.sv-benhausen.de\/index.php?rest_route=%2Fwp%2Fv2%2Fcomments&post=7"}],"version-history":[{"count":88,"href":"https:\/\/www.sv-benhausen.de\/index.php?rest_route=\/wp\/v2\/pages\/7\/revisions"}],"predecessor-version":[{"id":1871,"href":"https:\/\/www.sv-benhausen.de\/index.php?rest_route=\/wp\/v2\/pages\/7\/revisions\/1871"}],"wp:attachment":[{"href":"https:\/\/www.sv-benhausen.de\/index.php?rest_route=%2Fwp%2Fv2%2Fmedia&parent=7"}],"curies":[{"name":"wp","href":"https:\/\/api.w.org\/{rel}","templated":true}]}}