{"id":68,"date":"2017-08-22T11:44:27","date_gmt":"2017-08-22T09:44:27","guid":{"rendered":"http:\/\/www.ggwax.de\/svbenhausen\/?page_id=68"},"modified":"2017-08-22T11:44:27","modified_gmt":"2017-08-22T09:44:27","slug":"svb-abteilungen","status":"publish","type":"page","link":"https:\/\/www.sv-benhausen.de\/?page_id=68","title":{"rendered":"SVB Abteilungen"},"content":{"rendered":"<div id=\"main\">\n<div class=\"inside\">\n<div id=\"svb-abteilungen\" class=\"mod_article first last block\">\n<div class=\"ce_text first last block\">\n<h1>SVB-Abteilungen im Kurzportr\u00e4t<\/h1>\n<p>Der Breitensportverein SV Blau Wei\u00df Benhausen, mit seinen \u00fcber 800 Mitgliedern, ist in f\u00fcnf Abteilungen bzw. Sektionen untergliedert. Nachfolgend finden Sie eine \u00dcbersicht der SVB-Abteilungen mit einem kurzen Portr\u00e4t:<\/p>\n<figure class=\"image_container float_below\"><a href=\"https:\/\/www.sv-benhausen.de\/tl_files\/SV_Benhausen\/Abteilungslogos\/SVB-Abteilungen.jpg\" data-lightbox=\"6031b2\"> <img loading=\"lazy\" decoding=\"async\" src=\"https:\/\/www.sv-benhausen.de\/assets\/images\/f\/SVB-Abteilungen-d4d5f2cf.jpg\" alt=\"\" width=\"450\" height=\"330\" \/> <\/a><\/figure>\n<\/div>\n<\/div>\n<\/div>\n<\/div>\n","protected":false},"excerpt":{"rendered":"<p>SVB-Abteilungen im Kurzportr\u00e4t Der Breitensportverein SV Blau Wei\u00df Benhausen, mit seinen \u00fcber 800 Mitgliedern, ist in f\u00fcnf Abteilungen bzw. Sektionen untergliedert. Nachfolgend finden Sie eine \u00dcbersicht der SVB-Abteilungen mit einem kurzen Portr\u00e4t:<\/p>\n","protected":false},"author":1,"featured_media":0,"parent":0,"menu_order":0,"comment_status":"closed","ping_status":"closed","template":"","meta":{"footnotes":""},"class_list":["post-68","page","type-page","status-publish","hentry"],"_links":{"self":[{"href":"https:\/\/www.sv-benhausen.de\/index.php?rest_route=\/wp\/v2\/pages\/68","targetHints":{"allow":["GET"]}}],"collection":[{"href":"https:\/\/www.sv-benhausen.de\/index.php?rest_route=\/wp\/v2\/pages"}],"about":[{"href":"https:\/\/www.sv-benhausen.de\/index.php?rest_route=\/wp\/v2\/types\/page"}],"author":[{"embeddable":true,"href":"https:\/\/www.sv-benhausen.de\/index.php?rest_route=\/wp\/v2\/users\/1"}],"replies":[{"embeddable":true,"href":"https:\/\/www.sv-benhausen.de\/index.php?rest_route=%2Fwp%2Fv2%2Fcomments&post=68"}],"version-history":[{"count":1,"href":"https:\/\/www.sv-benhausen.de\/index.php?rest_route=\/wp\/v2\/pages\/68\/revisions"}],"predecessor-version":[{"id":69,"href":"https:\/\/www.sv-benhausen.de\/index.php?rest_route=\/wp\/v2\/pages\/68\/revisions\/69"}],"wp:attachment":[{"href":"https:\/\/www.sv-benhausen.de\/index.php?rest_route=%2Fwp%2Fv2%2Fmedia&parent=68"}],"curies":[{"name":"wp","href":"https:\/\/api.w.org\/{rel}","templated":true}]}}