{"id":350,"date":"2018-06-17T13:19:12","date_gmt":"2018-06-17T11:19:12","guid":{"rendered":"https:\/\/www.sv-benhausen.de\/?page_id=350"},"modified":"2024-06-24T22:27:44","modified_gmt":"2024-06-24T20:27:44","slug":"sponsoring","status":"publish","type":"page","link":"https:\/\/www.sv-benhausen.de\/?page_id=350","title":{"rendered":"Sponsoren"},"content":{"rendered":"\t\t<div data-elementor-type=\"wp-page\" data-elementor-id=\"350\" class=\"elementor elementor-350\">\n\t\t\t\t\t\t<div class=\"elementor-inner\">\n\t\t\t\t<div class=\"elementor-section-wrap\">\n\t\t\t\t\t\t\t\t\t<section class=\"elementor-section elementor-top-section elementor-element elementor-element-1c9ea16 elementor-section-boxed elementor-section-height-default elementor-section-height-default\" data-id=\"1c9ea16\" data-element_type=\"section\">\n\t\t\t\t\t\t<div class=\"elementor-container elementor-column-gap-default\">\n\t\t\t\t\t\t\t<div class=\"elementor-row\">\n\t\t\t\t\t<div class=\"elementor-column elementor-col-50 elementor-top-column elementor-element elementor-element-02307b0\" data-id=\"02307b0\" data-element_type=\"column\">\n\t\t\t<div class=\"elementor-column-wrap elementor-element-populated\">\n\t\t\t\t\t\t\t<div class=\"elementor-widget-wrap\">\n\t\t\t\t\t\t<div class=\"elementor-element elementor-element-bf703a6 elementor-widget elementor-widget-text-editor\" data-id=\"bf703a6\" data-element_type=\"widget\" data-widget_type=\"text-editor.default\">\n\t\t\t\t<div class=\"elementor-widget-container\">\n\t\t\t\t\t\t\t\t<div class=\"elementor-text-editor elementor-clearfix\">\n\t\t\t\t<p style=\"text-align: left;\">Die Fu\u00dfballdamen des SVB bedanken sich f\u00fcr die freundliche Unterst\u00fctzung durch <strong><span style=\"color: #0793d4;\">imoled Andreas Will e.K.<\/span><\/strong><\/p>\t\t\t\t\t<\/div>\n\t\t\t\t\t\t<\/div>\n\t\t\t\t<\/div>\n\t\t\t\t\t\t<\/div>\n\t\t\t\t\t<\/div>\n\t\t<\/div>\n\t\t\t\t<div class=\"elementor-column elementor-col-50 elementor-top-column elementor-element elementor-element-4d65b6f\" data-id=\"4d65b6f\" data-element_type=\"column\">\n\t\t\t<div class=\"elementor-column-wrap elementor-element-populated\">\n\t\t\t\t\t\t\t<div class=\"elementor-widget-wrap\">\n\t\t\t\t\t\t<div class=\"elementor-element elementor-element-04d5924 elementor-widget elementor-widget-image\" data-id=\"04d5924\" data-element_type=\"widget\" data-widget_type=\"image.default\">\n\t\t\t\t<div class=\"elementor-widget-container\">\n\t\t\t\t\t\t\t\t<div class=\"elementor-image\">\n\t\t\t\t\t\t\t\t\t\t\t\t<img loading=\"lazy\" decoding=\"async\" width=\"750\" height=\"196\" src=\"https:\/\/www.sv-benhausen.de\/wp-content\/uploads\/imoled-Logo-scaled-1-1024x267.jpg\" class=\"attachment-large size-large wp-image-1619\" alt=\"\" srcset=\"https:\/\/www.sv-benhausen.de\/wp-content\/uploads\/imoled-Logo-scaled-1-1024x267.jpg 1024w, https:\/\/www.sv-benhausen.de\/wp-content\/uploads\/imoled-Logo-scaled-1-300x78.jpg 300w, https:\/\/www.sv-benhausen.de\/wp-content\/uploads\/imoled-Logo-scaled-1-768x200.jpg 768w, https:\/\/www.sv-benhausen.de\/wp-content\/uploads\/imoled-Logo-scaled-1-1536x401.jpg 1536w, https:\/\/www.sv-benhausen.de\/wp-content\/uploads\/imoled-Logo-scaled-1-2048x534.jpg 2048w\" sizes=\"auto, (max-width: 750px) 100vw, 750px\" \/>\t\t\t\t\t\t\t\t\t\t\t\t\t\t<\/div>\n\t\t\t\t\t\t<\/div>\n\t\t\t\t<\/div>\n\t\t\t\t\t\t<\/div>\n\t\t\t\t\t<\/div>\n\t\t<\/div>\n\t\t\t\t\t\t\t\t<\/div>\n\t\t\t\t\t<\/div>\n\t\t<\/section>\n\t\t\t\t<section class=\"elementor-section elementor-top-section elementor-element elementor-element-311e390 elementor-section-boxed elementor-section-height-default elementor-section-height-default\" data-id=\"311e390\" data-element_type=\"section\">\n\t\t\t\t\t\t<div class=\"elementor-container elementor-column-gap-default\">\n\t\t\t\t\t\t\t<div class=\"elementor-row\">\n\t\t\t\t\t<div class=\"elementor-column elementor-col-100 elementor-top-column elementor-element elementor-element-0c28f44\" data-id=\"0c28f44\" data-element_type=\"column\">\n\t\t\t<div class=\"elementor-column-wrap elementor-element-populated\">\n\t\t\t\t\t\t\t<div class=\"elementor-widget-wrap\">\n\t\t\t\t\t\t<div class=\"elementor-element elementor-element-522a5dd elementor-widget-divider--view-line elementor-widget elementor-widget-divider\" data-id=\"522a5dd\" data-element_type=\"widget\" data-widget_type=\"divider.default\">\n\t\t\t\t<div class=\"elementor-widget-container\">\n\t\t\t\t\t<div class=\"elementor-divider\">\n\t\t\t<span class=\"elementor-divider-separator\">\n\t\t\t\t\t\t<\/span>\n\t\t<\/div>\n\t\t\t\t<\/div>\n\t\t\t\t<\/div>\n\t\t\t\t\t\t<\/div>\n\t\t\t\t\t<\/div>\n\t\t<\/div>\n\t\t\t\t\t\t\t\t<\/div>\n\t\t\t\t\t<\/div>\n\t\t<\/section>\n\t\t\t\t\t\t\t\t\t<\/div>\n\t\t\t<\/div>\n\t\t\t\t\t<\/div>\n\t\t","protected":false},"excerpt":{"rendered":"<p>Die Fu\u00dfballdamen des SVB bedanken sich f\u00fcr die freundliche Unterst\u00fctzung durch imoled Andreas Will e.K.<\/p>\n","protected":false},"author":2,"featured_media":0,"parent":0,"menu_order":0,"comment_status":"closed","ping_status":"closed","template":"","meta":{"footnotes":""},"class_list":["post-350","page","type-page","status-publish","hentry"],"_links":{"self":[{"href":"https:\/\/www.sv-benhausen.de\/index.php?rest_route=\/wp\/v2\/pages\/350","targetHints":{"allow":["GET"]}}],"collection":[{"href":"https:\/\/www.sv-benhausen.de\/index.php?rest_route=\/wp\/v2\/pages"}],"about":[{"href":"https:\/\/www.sv-benhausen.de\/index.php?rest_route=\/wp\/v2\/types\/page"}],"author":[{"embeddable":true,"href":"https:\/\/www.sv-benhausen.de\/index.php?rest_route=\/wp\/v2\/users\/2"}],"replies":[{"embeddable":true,"href":"https:\/\/www.sv-benhausen.de\/index.php?rest_route=%2Fwp%2Fv2%2Fcomments&post=350"}],"version-history":[{"count":5,"href":"https:\/\/www.sv-benhausen.de\/index.php?rest_route=\/wp\/v2\/pages\/350\/revisions"}],"predecessor-version":[{"id":1624,"href":"https:\/\/www.sv-benhausen.de\/index.php?rest_route=\/wp\/v2\/pages\/350\/revisions\/1624"}],"wp:attachment":[{"href":"https:\/\/www.sv-benhausen.de\/index.php?rest_route=%2Fwp%2Fv2%2Fmedia&parent=350"}],"curies":[{"name":"wp","href":"https:\/\/api.w.org\/{rel}","templated":true}]}}