{"id":347,"date":"2018-06-17T13:19:12","date_gmt":"2018-06-17T11:19:12","guid":{"rendered":"https:\/\/www.sv-benhausen.de\/?page_id=347"},"modified":"2018-06-17T14:08:04","modified_gmt":"2018-06-17T12:08:04","slug":"sportplatz-am-bahndamm","status":"publish","type":"page","link":"https:\/\/www.sv-benhausen.de\/?page_id=347","title":{"rendered":"Sportplatz &#8222;Am Bahndamm&#8220;"},"content":{"rendered":"<p><img loading=\"lazy\" decoding=\"async\" class=\"wp-image-390 size-full alignnone\" src=\"https:\/\/www.sv-benhausen.de\/wp-content\/uploads\/2018\/06\/1.jpg\" alt=\"\" width=\"606\" height=\"404\" srcset=\"https:\/\/www.sv-benhausen.de\/wp-content\/uploads\/2018\/06\/1.jpg 606w, https:\/\/www.sv-benhausen.de\/wp-content\/uploads\/2018\/06\/1-300x200.jpg 300w\" sizes=\"auto, (max-width: 606px) 100vw, 606px\" \/><\/p>\n<p align=\"JUSTIFY\">Unsere Sportanlage &#8222;Am Bahndamm&#8220; (f\u00fcr Navigationssysteme: Am Sportplatz 19-21, 33100 Paderborn) liegt in ruhiger Lage au\u00dferhalb des Paderborner Ortsteils Benhausen. Neben einem Kunstrasenspielfeld nutzen wir ein Mini-Soccer-Feld. Daneben stehen vier Umkleiderkabinen zur Verf\u00fcgung. Das Vereinsheim wird regelm\u00e4\u00dfig f\u00fcr Veranstaltungen genutzt und ist damit nicht nur Treffpunkt, wenn es um Benser Fu\u00dfball geht.<\/p>\n<p align=\"JUSTIFY\">Nachfolgend einige weitere Eindr\u00fccke der Sportanlage:<\/p>\n<p align=\"JUSTIFY\">\n<p align=\"JUSTIFY\"><img loading=\"lazy\" decoding=\"async\" class=\"alignnone size-full wp-image-400\" src=\"https:\/\/www.sv-benhausen.de\/wp-content\/uploads\/2018\/06\/5.jpg\" alt=\"\" width=\"800\" height=\"388\" srcset=\"https:\/\/www.sv-benhausen.de\/wp-content\/uploads\/2018\/06\/5.jpg 800w, https:\/\/www.sv-benhausen.de\/wp-content\/uploads\/2018\/06\/5-300x146.jpg 300w, https:\/\/www.sv-benhausen.de\/wp-content\/uploads\/2018\/06\/5-768x372.jpg 768w\" sizes=\"auto, (max-width: 800px) 100vw, 800px\" \/><\/p>\n<hr \/>\n<p align=\"JUSTIFY\"><img loading=\"lazy\" decoding=\"async\" class=\"alignnone size-full wp-image-398\" src=\"https:\/\/www.sv-benhausen.de\/wp-content\/uploads\/2018\/06\/3.jpg\" alt=\"\" width=\"800\" height=\"533\" srcset=\"https:\/\/www.sv-benhausen.de\/wp-content\/uploads\/2018\/06\/3.jpg 800w, https:\/\/www.sv-benhausen.de\/wp-content\/uploads\/2018\/06\/3-300x200.jpg 300w, https:\/\/www.sv-benhausen.de\/wp-content\/uploads\/2018\/06\/3-768x512.jpg 768w\" sizes=\"auto, (max-width: 800px) 100vw, 800px\" \/><\/p>\n<hr \/>\n<p align=\"JUSTIFY\"><img loading=\"lazy\" decoding=\"async\" class=\"alignnone size-full wp-image-397\" src=\"https:\/\/www.sv-benhausen.de\/wp-content\/uploads\/2018\/06\/2.jpg\" alt=\"\" width=\"800\" height=\"439\" srcset=\"https:\/\/www.sv-benhausen.de\/wp-content\/uploads\/2018\/06\/2.jpg 800w, https:\/\/www.sv-benhausen.de\/wp-content\/uploads\/2018\/06\/2-300x165.jpg 300w, https:\/\/www.sv-benhausen.de\/wp-content\/uploads\/2018\/06\/2-768x421.jpg 768w, https:\/\/www.sv-benhausen.de\/wp-content\/uploads\/2018\/06\/2-360x198.jpg 360w\" sizes=\"auto, (max-width: 800px) 100vw, 800px\" \/><\/p>\n<hr \/>\n<figure id=\"attachment_394\" aria-describedby=\"caption-attachment-394\" style=\"width: 800px\" class=\"wp-caption alignnone\"><img loading=\"lazy\" decoding=\"async\" class=\"wp-image-394 size-full\" src=\"https:\/\/www.sv-benhausen.de\/wp-content\/uploads\/2018\/06\/11.jpg\" alt=\"\" width=\"800\" height=\"475\" srcset=\"https:\/\/www.sv-benhausen.de\/wp-content\/uploads\/2018\/06\/11.jpg 800w, https:\/\/www.sv-benhausen.de\/wp-content\/uploads\/2018\/06\/11-300x178.jpg 300w, https:\/\/www.sv-benhausen.de\/wp-content\/uploads\/2018\/06\/11-768x456.jpg 768w\" sizes=\"auto, (max-width: 800px) 100vw, 800px\" \/><figcaption id=\"caption-attachment-394\" class=\"wp-caption-text\">Das Mini-Soccer-Feld<\/figcaption><\/figure>\n<hr \/>\n<figure id=\"attachment_396\" aria-describedby=\"caption-attachment-396\" style=\"width: 800px\" class=\"wp-caption alignnone\"><img loading=\"lazy\" decoding=\"async\" class=\"size-full wp-image-396\" src=\"https:\/\/www.sv-benhausen.de\/wp-content\/uploads\/2018\/06\/13.jpg\" alt=\"\" width=\"800\" height=\"390\" srcset=\"https:\/\/www.sv-benhausen.de\/wp-content\/uploads\/2018\/06\/13.jpg 800w, https:\/\/www.sv-benhausen.de\/wp-content\/uploads\/2018\/06\/13-300x146.jpg 300w, https:\/\/www.sv-benhausen.de\/wp-content\/uploads\/2018\/06\/13-768x374.jpg 768w\" sizes=\"auto, (max-width: 800px) 100vw, 800px\" \/><figcaption id=\"caption-attachment-396\" class=\"wp-caption-text\">Volleyballfeld<\/figcaption><\/figure>\n<hr \/>\n<figure id=\"attachment_395\" aria-describedby=\"caption-attachment-395\" style=\"width: 800px\" class=\"wp-caption alignnone\"><img loading=\"lazy\" decoding=\"async\" class=\"size-full wp-image-395\" src=\"https:\/\/www.sv-benhausen.de\/wp-content\/uploads\/2018\/06\/12.jpg\" alt=\"\" width=\"800\" height=\"437\" srcset=\"https:\/\/www.sv-benhausen.de\/wp-content\/uploads\/2018\/06\/12.jpg 800w, https:\/\/www.sv-benhausen.de\/wp-content\/uploads\/2018\/06\/12-300x164.jpg 300w, https:\/\/www.sv-benhausen.de\/wp-content\/uploads\/2018\/06\/12-768x420.jpg 768w, https:\/\/www.sv-benhausen.de\/wp-content\/uploads\/2018\/06\/12-360x198.jpg 360w\" sizes=\"auto, (max-width: 800px) 100vw, 800px\" \/><figcaption id=\"caption-attachment-395\" class=\"wp-caption-text\">Kletterger\u00fcst<\/figcaption><\/figure>\n<hr \/>\n<figure id=\"attachment_401\" aria-describedby=\"caption-attachment-401\" style=\"width: 800px\" class=\"wp-caption alignnone\"><img loading=\"lazy\" decoding=\"async\" class=\"size-full wp-image-401\" src=\"https:\/\/www.sv-benhausen.de\/wp-content\/uploads\/2018\/06\/7.jpg\" alt=\"\" width=\"800\" height=\"482\" \/><figcaption id=\"caption-attachment-401\" class=\"wp-caption-text\">Das Vereinsheim<\/figcaption><\/figure>\n<hr \/>\n<p><img loading=\"lazy\" decoding=\"async\" class=\"alignnone size-full wp-image-399\" src=\"https:\/\/www.sv-benhausen.de\/wp-content\/uploads\/2018\/06\/4.jpg\" alt=\"\" width=\"800\" height=\"384\" srcset=\"https:\/\/www.sv-benhausen.de\/wp-content\/uploads\/2018\/06\/4.jpg 800w, https:\/\/www.sv-benhausen.de\/wp-content\/uploads\/2018\/06\/4-300x144.jpg 300w, https:\/\/www.sv-benhausen.de\/wp-content\/uploads\/2018\/06\/4-768x369.jpg 768w\" sizes=\"auto, (max-width: 800px) 100vw, 800px\" \/><\/p>\n<hr \/>\n<figure id=\"attachment_393\" aria-describedby=\"caption-attachment-393\" style=\"width: 800px\" class=\"wp-caption alignnone\"><img loading=\"lazy\" decoding=\"async\" class=\"wp-image-393 size-full\" src=\"https:\/\/www.sv-benhausen.de\/wp-content\/uploads\/2018\/06\/10.jpg\" alt=\"\" width=\"800\" height=\"533\" srcset=\"https:\/\/www.sv-benhausen.de\/wp-content\/uploads\/2018\/06\/10.jpg 800w, https:\/\/www.sv-benhausen.de\/wp-content\/uploads\/2018\/06\/10-300x200.jpg 300w, https:\/\/www.sv-benhausen.de\/wp-content\/uploads\/2018\/06\/10-768x512.jpg 768w\" sizes=\"auto, (max-width: 800px) 100vw, 800px\" \/><figcaption id=\"caption-attachment-393\" class=\"wp-caption-text\">Das Vereinsheim von innen<\/figcaption><\/figure>\n<hr \/>\n<p><img loading=\"lazy\" decoding=\"async\" class=\"alignnone size-full wp-image-392\" src=\"https:\/\/www.sv-benhausen.de\/wp-content\/uploads\/2018\/06\/9.jpg\" alt=\"\" width=\"800\" height=\"533\" srcset=\"https:\/\/www.sv-benhausen.de\/wp-content\/uploads\/2018\/06\/9.jpg 800w, https:\/\/www.sv-benhausen.de\/wp-content\/uploads\/2018\/06\/9-300x200.jpg 300w, https:\/\/www.sv-benhausen.de\/wp-content\/uploads\/2018\/06\/9-768x512.jpg 768w\" sizes=\"auto, (max-width: 800px) 100vw, 800px\" \/><\/p>\n<hr \/>\n<figure id=\"attachment_402\" aria-describedby=\"caption-attachment-402\" style=\"width: 800px\" class=\"wp-caption alignnone\"><img loading=\"lazy\" decoding=\"async\" class=\"size-full wp-image-402\" src=\"https:\/\/www.sv-benhausen.de\/wp-content\/uploads\/2018\/06\/8.jpg\" alt=\"\" width=\"800\" height=\"533\" \/><figcaption id=\"caption-attachment-402\" class=\"wp-caption-text\">Die Kabinen<\/figcaption><\/figure>\n<hr \/>\n<p>&nbsp;<\/p>\n<p>&nbsp;<\/p>\n","protected":false},"excerpt":{"rendered":"<p>Unsere Sportanlage &#8222;Am Bahndamm&#8220; (f\u00fcr Navigationssysteme: Am Sportplatz 19-21, 33100 Paderborn) liegt in ruhiger Lage au\u00dferhalb des Paderborner Ortsteils Benhausen. Neben einem Kunstrasenspielfeld nutzen wir ein Mini-Soccer-Feld. Daneben stehen vier Umkleiderkabinen zur Verf\u00fcgung. Das Vereinsheim wird regelm\u00e4\u00dfig f\u00fcr Veranstaltungen genutzt und ist damit nicht nur Treffpunkt, wenn es um Benser &hellip; <\/p>\n","protected":false},"author":2,"featured_media":0,"parent":0,"menu_order":0,"comment_status":"closed","ping_status":"closed","template":"","meta":{"footnotes":""},"class_list":["post-347","page","type-page","status-publish","hentry"],"_links":{"self":[{"href":"https:\/\/www.sv-benhausen.de\/index.php?rest_route=\/wp\/v2\/pages\/347","targetHints":{"allow":["GET"]}}],"collection":[{"href":"https:\/\/www.sv-benhausen.de\/index.php?rest_route=\/wp\/v2\/pages"}],"about":[{"href":"https:\/\/www.sv-benhausen.de\/index.php?rest_route=\/wp\/v2\/types\/page"}],"author":[{"embeddable":true,"href":"https:\/\/www.sv-benhausen.de\/index.php?rest_route=\/wp\/v2\/users\/2"}],"replies":[{"embeddable":true,"href":"https:\/\/www.sv-benhausen.de\/index.php?rest_route=%2Fwp%2Fv2%2Fcomments&post=347"}],"version-history":[{"count":3,"href":"https:\/\/www.sv-benhausen.de\/index.php?rest_route=\/wp\/v2\/pages\/347\/revisions"}],"predecessor-version":[{"id":403,"href":"https:\/\/www.sv-benhausen.de\/index.php?rest_route=\/wp\/v2\/pages\/347\/revisions\/403"}],"wp:attachment":[{"href":"https:\/\/www.sv-benhausen.de\/index.php?rest_route=%2Fwp%2Fv2%2Fmedia&parent=347"}],"curies":[{"name":"wp","href":"https:\/\/api.w.org\/{rel}","templated":true}]}}