{"id":24,"date":"2017-06-27T15:00:36","date_gmt":"2017-06-27T13:00:36","guid":{"rendered":"https:\/\/www.sv-benhausen.de\/wp\/?page_id=24"},"modified":"2023-01-16T15:20:00","modified_gmt":"2023-01-16T14:20:00","slug":"tanzsport","status":"publish","type":"page","link":"https:\/\/www.sv-benhausen.de\/?page_id=24","title":{"rendered":"Tanzsport"},"content":{"rendered":"\t\t<div data-elementor-type=\"wp-page\" data-elementor-id=\"24\" class=\"elementor elementor-24\">\n\t\t\t\t\t\t<div class=\"elementor-inner\">\n\t\t\t\t<div class=\"elementor-section-wrap\">\n\t\t\t\t\t\t\t\t\t<section class=\"elementor-section elementor-top-section elementor-element elementor-element-5cee3d12 elementor-section-boxed elementor-section-height-default elementor-section-height-default\" data-id=\"5cee3d12\" data-element_type=\"section\">\n\t\t\t\t\t\t<div class=\"elementor-container elementor-column-gap-default\">\n\t\t\t\t\t\t\t<div class=\"elementor-row\">\n\t\t\t\t\t<div class=\"elementor-column elementor-col-100 elementor-top-column elementor-element elementor-element-15ccfc8d\" data-id=\"15ccfc8d\" data-element_type=\"column\">\n\t\t\t<div class=\"elementor-column-wrap elementor-element-populated\">\n\t\t\t\t\t\t\t<div class=\"elementor-widget-wrap\">\n\t\t\t\t\t\t<div class=\"elementor-element elementor-element-136ed8a1 elementor-widget elementor-widget-text-editor\" data-id=\"136ed8a1\" data-element_type=\"widget\" data-widget_type=\"text-editor.default\">\n\t\t\t\t<div class=\"elementor-widget-container\">\n\t\t\t\t\t\t\t\t<div class=\"elementor-text-editor elementor-clearfix\">\n\t\t\t\t<h1>Tanzsportabteilung<\/h1>\n<figure class=\"image_container float_right\"><\/figure>\n<p>Die Tanzsportabteilung des SV Blau Wei\u00df Benhausen 1921 e.V. erfreut sich seit 1993 gro\u00dfer Beliebtheit und kooperiert seit Gr\u00fcndung auf sportlicher Ebene mit dem TSC Blau Wei\u00df im TV 1875 Paderborn e.V.<\/p>\n<p>Tanzsportinteressierte jeden Alters und mit unterschiedlichen Kenntnissen bzw. Vorkenntnissen sind bei uns willkommen.<br>Wir bieten Gruppen in den Standard und lateinamerikanischen T\u00e4nzen (Walzer, Cha-Cha-Cha und Co.) sowie f\u00fcr die Kinder\/Jugendlichen Hip Hop unter Anleitung erfahrener Trainer und Trainerinnen des TSC Blau Wei\u00df im TV 1875 Paderborn e.V.<\/p>\n<p>Die verschiedenen Tanzgruppen werden vom Vorstand der Tanzabteilung des SV Blau Wei\u00df Benhausen 1921 e.V. betreut. Auch au\u00dferhalb des Trainings bietet die Tanzabteilung geselliges Leben im Verein.<\/p>\n<hr>\n<h1>&nbsp;<\/h1>\t\t\t\t\t<\/div>\n\t\t\t\t\t\t<\/div>\n\t\t\t\t<\/div>\n\t\t\t\t\t\t<\/div>\n\t\t\t\t\t<\/div>\n\t\t<\/div>\n\t\t\t\t\t\t\t\t<\/div>\n\t\t\t\t\t<\/div>\n\t\t<\/section>\n\t\t\t\t\t\t\t\t\t<\/div>\n\t\t\t<\/div>\n\t\t\t\t\t<\/div>\n\t\t","protected":false},"excerpt":{"rendered":"<p>Tanzsportabteilung Die Tanzsportabteilung des SV Blau Wei\u00df Benhausen 1921 e.V. erfreut sich seit 1993 gro\u00dfer Beliebtheit und kooperiert seit Gr\u00fcndung auf sportlicher Ebene mit dem TSC Blau Wei\u00df im TV 1875 Paderborn e.V. Tanzsportinteressierte jeden Alters und mit unterschiedlichen Kenntnissen bzw. Vorkenntnissen sind bei uns willkommen.Wir bieten Gruppen in den &hellip; <\/p>\n","protected":false},"author":1,"featured_media":0,"parent":0,"menu_order":0,"comment_status":"closed","ping_status":"closed","template":"","meta":{"footnotes":""},"class_list":["post-24","page","type-page","status-publish","hentry"],"_links":{"self":[{"href":"https:\/\/www.sv-benhausen.de\/index.php?rest_route=\/wp\/v2\/pages\/24","targetHints":{"allow":["GET"]}}],"collection":[{"href":"https:\/\/www.sv-benhausen.de\/index.php?rest_route=\/wp\/v2\/pages"}],"about":[{"href":"https:\/\/www.sv-benhausen.de\/index.php?rest_route=\/wp\/v2\/types\/page"}],"author":[{"embeddable":true,"href":"https:\/\/www.sv-benhausen.de\/index.php?rest_route=\/wp\/v2\/users\/1"}],"replies":[{"embeddable":true,"href":"https:\/\/www.sv-benhausen.de\/index.php?rest_route=%2Fwp%2Fv2%2Fcomments&post=24"}],"version-history":[{"count":10,"href":"https:\/\/www.sv-benhausen.de\/index.php?rest_route=\/wp\/v2\/pages\/24\/revisions"}],"predecessor-version":[{"id":1389,"href":"https:\/\/www.sv-benhausen.de\/index.php?rest_route=\/wp\/v2\/pages\/24\/revisions\/1389"}],"wp:attachment":[{"href":"https:\/\/www.sv-benhausen.de\/index.php?rest_route=%2Fwp%2Fv2%2Fmedia&parent=24"}],"curies":[{"name":"wp","href":"https:\/\/api.w.org\/{rel}","templated":true}]}}