{"id":21,"date":"2017-06-27T14:59:29","date_gmt":"2017-06-27T12:59:29","guid":{"rendered":"https:\/\/www.sv-benhausen.de\/wp\/?page_id=21"},"modified":"2018-11-24T17:14:45","modified_gmt":"2018-11-24T16:14:45","slug":"wandern","status":"publish","type":"page","link":"https:\/\/www.sv-benhausen.de\/?page_id=21","title":{"rendered":"Wandern"},"content":{"rendered":"<div class=\"entry-content\">\n<table style=\"height: 153px;\" width=\"509\">\n<tbody>\n<tr>\n<td>\u201c Wandern h\u00e4lt fit ! \u201c<\/td>\n<td><img loading=\"lazy\" decoding=\"async\" class=\"alignnone size-full wp-image-152\" src=\"https:\/\/www.sv-benhausen.de\/wp\/wp-content\/uploads\/2017\/12\/Wanderweg.jpg\" alt=\"\" width=\"200\" height=\"134\" \/><\/td>\n<\/tr>\n<\/tbody>\n<\/table>\n<p>Am 01. M\u00e4rz 1988 wird im Rahmen einer Gr\u00fcndungsversammlung,\u00a0 in der Gastst\u00e4tte Henning, auf Initiative von Heinz Tasche und Alois Th\u00f6ne die Wanderabteilung gegr\u00fcndet.<\/p>\n<div class=\"ce_text block\">\n<p>Alle drei Wochen werden Halbtagswanderungen unternommen. F\u00fcr alle, die vom Wandern und der sch\u00f6nen Natur nicht genug bekommen k\u00f6nnen, werden im Jahr vier Tageswanderungen, verteilt auf das ganze Jahr, angeboten. Bei diesen Touren k\u00f6nnen Wandernadel und -Urkunden erwandert werden.<\/p>\n<p>Allj\u00e4hrlich findet am 01. Mai der Trimm-Trab f\u00fcr Jedermann und -frau statt. Hierbei k\u00f6nnen verschiedene Routen durch die Benser Flur, mit Start und Ziel am Sportplatz, laufend oder wandernd unter die F\u00fc\u00dfe genommen werden.<\/p>\n<p>Aber auch die Geselligkeit kommt in der Wanderabteilung nicht zu kurz, so werden auch ein Sommerfest und ein Tagesausflug organisiert.<\/p>\n<\/div>\n<table style=\"height: 176px;\" width=\"416\">\n<tbody>\n<tr>\n<td><img loading=\"lazy\" decoding=\"async\" class=\"alignnone size-full wp-image-153\" src=\"https:\/\/www.sv-benhausen.de\/wp\/wp-content\/uploads\/2017\/12\/Wanderwappen.jpg\" alt=\"\" width=\"200\" height=\"260\" \/><\/td>\n<td><strong>Jeder, der gerne wandert ist bei uns,<\/strong><br \/>\n<strong>den \u201eBenser Wanderfreunden\u201c,<\/strong><br \/>\n<strong>herzlich willkommen!<\/strong><\/td>\n<\/tr>\n<\/tbody>\n<\/table>\n<\/div>\n<figure id=\"attachment_504\" aria-describedby=\"caption-attachment-504\" style=\"width: 750px\" class=\"wp-caption alignright\"><img loading=\"lazy\" decoding=\"async\" class=\"wp-image-504 size-large\" src=\"https:\/\/www.sv-benhausen.de\/wp-content\/uploads\/Unbenannt-965x1024.jpg\" alt=\"\" width=\"750\" height=\"796\" srcset=\"https:\/\/www.sv-benhausen.de\/wp-content\/uploads\/Unbenannt-965x1024.jpg 965w, https:\/\/www.sv-benhausen.de\/wp-content\/uploads\/Unbenannt-283x300.jpg 283w, https:\/\/www.sv-benhausen.de\/wp-content\/uploads\/Unbenannt-768x815.jpg 768w\" sizes=\"auto, (max-width: 750px) 100vw, 750px\" \/><figcaption id=\"caption-attachment-504\" class=\"wp-caption-text\">Der Benhauser Rundwanderweg<\/figcaption><\/figure>\n","protected":false},"excerpt":{"rendered":"<p>\u201c Wandern h\u00e4lt fit ! \u201c Am 01. M\u00e4rz 1988 wird im Rahmen einer Gr\u00fcndungsversammlung,\u00a0 in der Gastst\u00e4tte Henning, auf Initiative von Heinz Tasche und Alois Th\u00f6ne die Wanderabteilung gegr\u00fcndet. Alle drei Wochen werden Halbtagswanderungen unternommen. F\u00fcr alle, die vom Wandern und der sch\u00f6nen Natur nicht genug bekommen k\u00f6nnen, werden &hellip; <\/p>\n","protected":false},"author":1,"featured_media":0,"parent":0,"menu_order":0,"comment_status":"closed","ping_status":"closed","template":"","meta":{"footnotes":""},"class_list":["post-21","page","type-page","status-publish","hentry"],"_links":{"self":[{"href":"https:\/\/www.sv-benhausen.de\/index.php?rest_route=\/wp\/v2\/pages\/21","targetHints":{"allow":["GET"]}}],"collection":[{"href":"https:\/\/www.sv-benhausen.de\/index.php?rest_route=\/wp\/v2\/pages"}],"about":[{"href":"https:\/\/www.sv-benhausen.de\/index.php?rest_route=\/wp\/v2\/types\/page"}],"author":[{"embeddable":true,"href":"https:\/\/www.sv-benhausen.de\/index.php?rest_route=\/wp\/v2\/users\/1"}],"replies":[{"embeddable":true,"href":"https:\/\/www.sv-benhausen.de\/index.php?rest_route=%2Fwp%2Fv2%2Fcomments&post=21"}],"version-history":[{"count":7,"href":"https:\/\/www.sv-benhausen.de\/index.php?rest_route=\/wp\/v2\/pages\/21\/revisions"}],"predecessor-version":[{"id":505,"href":"https:\/\/www.sv-benhausen.de\/index.php?rest_route=\/wp\/v2\/pages\/21\/revisions\/505"}],"wp:attachment":[{"href":"https:\/\/www.sv-benhausen.de\/index.php?rest_route=%2Fwp%2Fv2%2Fmedia&parent=21"}],"curies":[{"name":"wp","href":"https:\/\/api.w.org\/{rel}","templated":true}]}}