{"id":1244,"date":"2022-06-23T17:43:00","date_gmt":"2022-06-23T15:43:00","guid":{"rendered":"https:\/\/www.sv-benhausen.de\/?page_id=1244"},"modified":"2025-08-01T21:17:40","modified_gmt":"2025-08-01T19:17:40","slug":"kinderturnen","status":"publish","type":"page","link":"https:\/\/www.sv-benhausen.de\/?page_id=1244","title":{"rendered":"Kinderturnen"},"content":{"rendered":"\t\t<div data-elementor-type=\"wp-page\" data-elementor-id=\"1244\" class=\"elementor elementor-1244\">\n\t\t\t\t\t\t<div class=\"elementor-inner\">\n\t\t\t\t<div class=\"elementor-section-wrap\">\n\t\t\t\t\t\t\t\t\t<section class=\"elementor-section elementor-top-section elementor-element elementor-element-3421f05 elementor-section-boxed elementor-section-height-default elementor-section-height-default\" data-id=\"3421f05\" data-element_type=\"section\">\n\t\t\t\t\t\t<div class=\"elementor-container elementor-column-gap-default\">\n\t\t\t\t\t\t\t<div class=\"elementor-row\">\n\t\t\t\t\t<div class=\"elementor-column elementor-col-100 elementor-top-column elementor-element elementor-element-38b60b7\" data-id=\"38b60b7\" data-element_type=\"column\" data-settings=\"{&quot;background_background&quot;:&quot;classic&quot;}\">\n\t\t\t<div class=\"elementor-column-wrap elementor-element-populated\">\n\t\t\t\t\t\t\t<div class=\"elementor-widget-wrap\">\n\t\t\t\t\t\t<div class=\"elementor-element elementor-element-ac806b7 elementor-widget elementor-widget-text-editor\" data-id=\"ac806b7\" data-element_type=\"widget\" data-widget_type=\"text-editor.default\">\n\t\t\t\t<div class=\"elementor-widget-container\">\n\t\t\t\t\t\t\t\t<div class=\"elementor-text-editor elementor-clearfix\">\n\t\t\t\t<p><span style=\"color: #000000;\">Liebe Eltern, Angeh\u00f6rige, Kinder und Freunde des Kinderturnens,<\/span><\/p><p><span style=\"color: #000000;\"><strong>zurzeit sind leider alle Pl\u00e4tze beim Kinderturnen sowie Eltern-Kind-Turnen vergeben. Sollten Sie Interesse an einer unserer Kinderturngruppen haben, senden Sie uns gerne eine E-Mail (<\/strong><a style=\"color: #000000;\" href=\"mailto:kinderturnen@sv-benhausen.de\" target=\"_blank\" rel=\"noopener\"><strong><span style=\"color: #3366ff;\"><span style=\"color: #0000ff;\">kinderturnen@sv-benhausen.de<\/span><\/span><\/strong><\/a><strong>)<wbr \/>, sodass wir Sie auf die Warteliste aufnehmen k\u00f6nnen. Wir melden uns bei Ihnen, sobald freie Pl\u00e4tze verf\u00fcgbar sind.<\/strong><\/span><\/p><p><span style=\"color: #000000;\">Wir bedanken uns f\u00fcr Ihr Verst\u00e4ndnis und Ihr Interesse, das Kinderturn-Angebot des SV Blau Wei\u00df Benhausen wahrzunehmen!<\/span><\/p><p><span style=\"color: #000000;\"><i>Ihr Kinderturn-Team des SV Blau Wei\u00df Benhausen<\/i><\/span><\/p>\t\t\t\t\t<\/div>\n\t\t\t\t\t\t<\/div>\n\t\t\t\t<\/div>\n\t\t\t\t\t\t<\/div>\n\t\t\t\t\t<\/div>\n\t\t<\/div>\n\t\t\t\t\t\t\t\t<\/div>\n\t\t\t\t\t<\/div>\n\t\t<\/section>\n\t\t\t\t<section class=\"elementor-section elementor-top-section elementor-element elementor-element-b22b655 elementor-section-boxed elementor-section-height-default elementor-section-height-default\" data-id=\"b22b655\" data-element_type=\"section\">\n\t\t\t\t\t\t<div class=\"elementor-container elementor-column-gap-default\">\n\t\t\t\t\t\t\t<div class=\"elementor-row\">\n\t\t\t\t\t<div class=\"elementor-column elementor-col-100 elementor-top-column elementor-element elementor-element-893475b\" data-id=\"893475b\" data-element_type=\"column\">\n\t\t\t<div class=\"elementor-column-wrap elementor-element-populated\">\n\t\t\t\t\t\t\t<div class=\"elementor-widget-wrap\">\n\t\t\t\t\t\t<div class=\"elementor-element elementor-element-8f70f4e elementor-widget elementor-widget-spacer\" data-id=\"8f70f4e\" data-element_type=\"widget\" data-widget_type=\"spacer.default\">\n\t\t\t\t<div class=\"elementor-widget-container\">\n\t\t\t\t\t<div class=\"elementor-spacer\">\n\t\t\t<div class=\"elementor-spacer-inner\"><\/div>\n\t\t<\/div>\n\t\t\t\t<\/div>\n\t\t\t\t<\/div>\n\t\t\t\t\t\t<\/div>\n\t\t\t\t\t<\/div>\n\t\t<\/div>\n\t\t\t\t\t\t\t\t<\/div>\n\t\t\t\t\t<\/div>\n\t\t<\/section>\n\t\t\t\t<section class=\"elementor-section elementor-top-section elementor-element elementor-element-d161623 elementor-section-boxed elementor-section-height-default elementor-section-height-default\" data-id=\"d161623\" data-element_type=\"section\">\n\t\t\t\t\t\t<div class=\"elementor-container elementor-column-gap-default\">\n\t\t\t\t\t\t\t<div class=\"elementor-row\">\n\t\t\t\t\t<div class=\"elementor-column elementor-col-100 elementor-top-column elementor-element elementor-element-a48416b\" data-id=\"a48416b\" data-element_type=\"column\">\n\t\t\t<div class=\"elementor-column-wrap elementor-element-populated\">\n\t\t\t\t\t\t\t<div class=\"elementor-widget-wrap\">\n\t\t\t\t\t\t<div class=\"elementor-element elementor-element-b1dfd05 elementor-widget elementor-widget-text-editor\" data-id=\"b1dfd05\" data-element_type=\"widget\" data-widget_type=\"text-editor.default\">\n\t\t\t\t<div class=\"elementor-widget-container\">\n\t\t\t\t\t\t\t\t<div class=\"elementor-text-editor elementor-clearfix\">\n\t\t\t\t<p><span style=\"color: #000000;\"><strong><span style=\"font-size: 36pt;\">Kinderturnen erleben&#8230;<\/span><\/strong><\/span><br><span style=\"color: #000000;\"><strong><span style=\"font-size: 36pt;\">&nbsp;&nbsp;&nbsp;&nbsp;&nbsp;&nbsp;&nbsp;&nbsp; &nbsp; &nbsp; &nbsp; &nbsp; &nbsp; &nbsp; &nbsp; &nbsp; &nbsp; &nbsp; &nbsp;&nbsp; &#8230;und miterleben!<\/span><\/strong><\/span><\/p>\t\t\t\t\t<\/div>\n\t\t\t\t\t\t<\/div>\n\t\t\t\t<\/div>\n\t\t\t\t\t\t<\/div>\n\t\t\t\t\t<\/div>\n\t\t<\/div>\n\t\t\t\t\t\t\t\t<\/div>\n\t\t\t\t\t<\/div>\n\t\t<\/section>\n\t\t\t\t<section class=\"elementor-section elementor-top-section elementor-element elementor-element-d0dfd31 elementor-section-boxed elementor-section-height-default elementor-section-height-default\" data-id=\"d0dfd31\" data-element_type=\"section\">\n\t\t\t\t\t\t<div class=\"elementor-container elementor-column-gap-default\">\n\t\t\t\t\t\t\t<div class=\"elementor-row\">\n\t\t\t\t\t<div class=\"elementor-column elementor-col-50 elementor-top-column elementor-element elementor-element-60649f0\" data-id=\"60649f0\" data-element_type=\"column\">\n\t\t\t<div class=\"elementor-column-wrap elementor-element-populated\">\n\t\t\t\t\t\t\t<div class=\"elementor-widget-wrap\">\n\t\t\t\t\t\t<div class=\"elementor-element elementor-element-dc16688 elementor-widget elementor-widget-image\" data-id=\"dc16688\" data-element_type=\"widget\" data-widget_type=\"image.default\">\n\t\t\t\t<div class=\"elementor-widget-container\">\n\t\t\t\t\t\t\t\t<div class=\"elementor-image\">\n\t\t\t\t\t\t\t\t\t\t\t\t<img loading=\"lazy\" decoding=\"async\" width=\"300\" height=\"225\" src=\"https:\/\/www.sv-benhausen.de\/wp-content\/uploads\/IMG_20220329_154418_718-300x225.jpg\" class=\"attachment-medium size-medium wp-image-1248\" alt=\"\" srcset=\"https:\/\/www.sv-benhausen.de\/wp-content\/uploads\/IMG_20220329_154418_718-300x225.jpg 300w, https:\/\/www.sv-benhausen.de\/wp-content\/uploads\/IMG_20220329_154418_718-1024x768.jpg 1024w, https:\/\/www.sv-benhausen.de\/wp-content\/uploads\/IMG_20220329_154418_718-768x576.jpg 768w, https:\/\/www.sv-benhausen.de\/wp-content\/uploads\/IMG_20220329_154418_718-1536x1152.jpg 1536w, https:\/\/www.sv-benhausen.de\/wp-content\/uploads\/IMG_20220329_154418_718-2048x1536.jpg 2048w\" sizes=\"auto, (max-width: 300px) 100vw, 300px\" \/>\t\t\t\t\t\t\t\t\t\t\t\t\t\t<\/div>\n\t\t\t\t\t\t<\/div>\n\t\t\t\t<\/div>\n\t\t\t\t\t\t<\/div>\n\t\t\t\t\t<\/div>\n\t\t<\/div>\n\t\t\t\t<div class=\"elementor-column elementor-col-50 elementor-top-column elementor-element elementor-element-1b951d6\" data-id=\"1b951d6\" data-element_type=\"column\">\n\t\t\t<div class=\"elementor-column-wrap elementor-element-populated\">\n\t\t\t\t\t\t\t<div class=\"elementor-widget-wrap\">\n\t\t\t\t\t\t<div class=\"elementor-element elementor-element-38b561d elementor-widget elementor-widget-image\" data-id=\"38b561d\" data-element_type=\"widget\" data-widget_type=\"image.default\">\n\t\t\t\t<div class=\"elementor-widget-container\">\n\t\t\t\t\t\t\t\t<div class=\"elementor-image\">\n\t\t\t\t\t\t\t\t\t\t\t\t<img loading=\"lazy\" decoding=\"async\" width=\"300\" height=\"225\" src=\"https:\/\/www.sv-benhausen.de\/wp-content\/uploads\/IMG_20220329_154433_983-300x225.jpg\" class=\"attachment-medium size-medium wp-image-1249\" alt=\"\" srcset=\"https:\/\/www.sv-benhausen.de\/wp-content\/uploads\/IMG_20220329_154433_983-300x225.jpg 300w, https:\/\/www.sv-benhausen.de\/wp-content\/uploads\/IMG_20220329_154433_983-1024x768.jpg 1024w, https:\/\/www.sv-benhausen.de\/wp-content\/uploads\/IMG_20220329_154433_983-768x576.jpg 768w, https:\/\/www.sv-benhausen.de\/wp-content\/uploads\/IMG_20220329_154433_983-1536x1152.jpg 1536w, https:\/\/www.sv-benhausen.de\/wp-content\/uploads\/IMG_20220329_154433_983-2048x1536.jpg 2048w\" sizes=\"auto, (max-width: 300px) 100vw, 300px\" \/>\t\t\t\t\t\t\t\t\t\t\t\t\t\t<\/div>\n\t\t\t\t\t\t<\/div>\n\t\t\t\t<\/div>\n\t\t\t\t\t\t<\/div>\n\t\t\t\t\t<\/div>\n\t\t<\/div>\n\t\t\t\t\t\t\t\t<\/div>\n\t\t\t\t\t<\/div>\n\t\t<\/section>\n\t\t\t\t<section class=\"elementor-section elementor-top-section elementor-element elementor-element-1f9b17b elementor-section-boxed elementor-section-height-default elementor-section-height-default\" data-id=\"1f9b17b\" data-element_type=\"section\">\n\t\t\t\t\t\t<div class=\"elementor-container elementor-column-gap-default\">\n\t\t\t\t\t\t\t<div class=\"elementor-row\">\n\t\t\t\t\t<div class=\"elementor-column elementor-col-100 elementor-top-column elementor-element elementor-element-ba612f2\" data-id=\"ba612f2\" data-element_type=\"column\">\n\t\t\t<div class=\"elementor-column-wrap elementor-element-populated\">\n\t\t\t\t\t\t\t<div class=\"elementor-widget-wrap\">\n\t\t\t\t\t\t<div class=\"elementor-element elementor-element-3ffb945 elementor-widget elementor-widget-text-editor\" data-id=\"3ffb945\" data-element_type=\"widget\" data-widget_type=\"text-editor.default\">\n\t\t\t\t<div class=\"elementor-widget-container\">\n\t\t\t\t\t\t\t\t<div class=\"elementor-text-editor elementor-clearfix\">\n\t\t\t\t<p><span style=\"color: #000000;\">Turnen macht Kindern Spa\u00df und gibt ihnen die Gelegenheit, ihrem Bed\u00fcrfnis nach Bewegung und Spiel auf vielf\u00e4ltige und kreative Weise nachzukommen. Durch unsere Bewegungsangebote wie Gro\u00dfger\u00e4te, Kleinger\u00e4te, Bodenturnen und Alltagsmaterialien, regen wir die Kinder an, sich zu bewegen und Freude an der Bewegung zu erlernen. Damit leistet das Kinderturnen einen Beitrag zur Pers\u00f6nlichkeitsentwicklung der Kinder.<\/span><\/p>\t\t\t\t\t<\/div>\n\t\t\t\t\t\t<\/div>\n\t\t\t\t<\/div>\n\t\t\t\t\t\t<\/div>\n\t\t\t\t\t<\/div>\n\t\t<\/div>\n\t\t\t\t\t\t\t\t<\/div>\n\t\t\t\t\t<\/div>\n\t\t<\/section>\n\t\t\t\t<section class=\"elementor-section elementor-top-section elementor-element elementor-element-0326751 elementor-section-boxed elementor-section-height-default elementor-section-height-default\" data-id=\"0326751\" data-element_type=\"section\">\n\t\t\t\t\t\t<div class=\"elementor-container elementor-column-gap-default\">\n\t\t\t\t\t\t\t<div class=\"elementor-row\">\n\t\t\t\t\t<div class=\"elementor-column elementor-col-100 elementor-top-column elementor-element elementor-element-7c81b1c\" data-id=\"7c81b1c\" data-element_type=\"column\">\n\t\t\t<div class=\"elementor-column-wrap elementor-element-populated\">\n\t\t\t\t\t\t\t<div class=\"elementor-widget-wrap\">\n\t\t\t\t\t\t<div class=\"elementor-element elementor-element-0e49d6b elementor-widget elementor-widget-text-editor\" data-id=\"0e49d6b\" data-element_type=\"widget\" data-widget_type=\"text-editor.default\">\n\t\t\t\t<div class=\"elementor-widget-container\">\n\t\t\t\t\t\t\t\t<div class=\"elementor-text-editor elementor-clearfix\">\n\t\t\t\t<p><span style=\"color: #000000;\"><strong>Haben wir Ihr Interesse geweckt?<\/strong><\/span><\/p>\t\t\t\t\t<\/div>\n\t\t\t\t\t\t<\/div>\n\t\t\t\t<\/div>\n\t\t\t\t\t\t<\/div>\n\t\t\t\t\t<\/div>\n\t\t<\/div>\n\t\t\t\t\t\t\t\t<\/div>\n\t\t\t\t\t<\/div>\n\t\t<\/section>\n\t\t\t\t<section class=\"elementor-section elementor-top-section elementor-element elementor-element-263189a elementor-section-boxed elementor-section-height-default elementor-section-height-default\" data-id=\"263189a\" data-element_type=\"section\">\n\t\t\t\t\t\t<div class=\"elementor-container elementor-column-gap-default\">\n\t\t\t\t\t\t\t<div class=\"elementor-row\">\n\t\t\t\t\t<div class=\"elementor-column elementor-col-100 elementor-top-column elementor-element elementor-element-7516c9e\" data-id=\"7516c9e\" data-element_type=\"column\">\n\t\t\t<div class=\"elementor-column-wrap elementor-element-populated\">\n\t\t\t\t\t\t\t<div class=\"elementor-widget-wrap\">\n\t\t\t\t\t\t<div class=\"elementor-element elementor-element-d9bf9de elementor-widget elementor-widget-text-editor\" data-id=\"d9bf9de\" data-element_type=\"widget\" data-widget_type=\"text-editor.default\">\n\t\t\t\t<div class=\"elementor-widget-container\">\n\t\t\t\t\t\t\t\t<div class=\"elementor-text-editor elementor-clearfix\">\n\t\t\t\t<p><span style=\"color: #000000;\">Unsere Gruppenstunden finden immer <strong>dienstags<\/strong> in der <strong>Sporthalle der Grundschule Benhausen (<a style=\"color: #000000;\" href=\"https:\/\/www.google.com\/url?sa=t&amp;source=web&amp;rct=j&amp;opi=89978449&amp;url=\/maps\/place\/\/data%3D!4m2!3m1!1s0x47ba4b97f99c4347:0x17fb32dd9a1ef1f7%3Fsa%3DX%26ved%3D1t:8290%26ictx%3D111&amp;ved=2ahUKEwiZ8byMwOeHAxXe1QIHHavMIccQ4kB6BAggEAM&amp;usg=AOvVaw3GrtFfd1DUti_8-VsD5X6d\" data-url=\"\/maps\/place\/\/data=!4m2!3m1!1s0x47ba4b97f99c4347:0x17fb32dd9a1ef1f7?sa=X&amp;ved=2ahUKEwiZ8byMwOeHAxXe1QIHHavMIccQ4kB6BAgFEAA\"><span style=\"color: #000000;\">Teichweg 11, 33100 Paderborn<\/span><\/a>)<\/strong> statt:<\/span><\/p>\n<ul>\n<li><span style=\"color: #000000;\"><strong>15.15 &#8211; 16.15 Uhr<\/strong> ab 4 Jahren (ohne Eltern).<\/span><\/li>\n<li><span style=\"color: #000000;\"><strong>16.30 &#8211; 17.30 Uhr<\/strong> Jahr Eltern-Kind-Turnen ab Laufalter (mit Eltern).<\/span><\/li>\n<\/ul>\n<h3><span style=\"color: #000000;\">Wir freuen uns auf Euer Kommen!<\/span><\/h3>\n<p><span style=\"color: #000000;\">Christiane Schild<br>Michaela Schulte<\/span><br><span style=\"color: #000000;\">E-Mail:<span style=\"color: #3366ff;\"> <a style=\"color: #3366ff;\" href=\"mailto:kinderturnen@sv-benhausen.de\">kinderturnen@sv-benhausen.de<\/a><\/span><\/span><\/p>\t\t\t\t\t<\/div>\n\t\t\t\t\t\t<\/div>\n\t\t\t\t<\/div>\n\t\t\t\t\t\t<\/div>\n\t\t\t\t\t<\/div>\n\t\t<\/div>\n\t\t\t\t\t\t\t\t<\/div>\n\t\t\t\t\t<\/div>\n\t\t<\/section>\n\t\t\t\t\t\t\t\t\t<\/div>\n\t\t\t<\/div>\n\t\t\t\t\t<\/div>\n\t\t","protected":false},"excerpt":{"rendered":"<p>Liebe Eltern, Angeh\u00f6rige, Kinder und Freunde des Kinderturnens, zurzeit sind leider alle Pl\u00e4tze beim Kinderturnen sowie Eltern-Kind-Turnen vergeben. Sollten Sie Interesse an einer unserer Kinderturngruppen haben, senden Sie uns gerne eine E-Mail (kinderturnen@sv-benhausen.de), sodass wir Sie auf die Warteliste aufnehmen k\u00f6nnen. Wir melden uns bei Ihnen, sobald freie Pl\u00e4tze verf\u00fcgbar &hellip; <\/p>\n","protected":false},"author":2,"featured_media":0,"parent":0,"menu_order":0,"comment_status":"closed","ping_status":"closed","template":"","meta":{"footnotes":""},"class_list":["post-1244","page","type-page","status-publish","hentry"],"_links":{"self":[{"href":"https:\/\/www.sv-benhausen.de\/index.php?rest_route=\/wp\/v2\/pages\/1244","targetHints":{"allow":["GET"]}}],"collection":[{"href":"https:\/\/www.sv-benhausen.de\/index.php?rest_route=\/wp\/v2\/pages"}],"about":[{"href":"https:\/\/www.sv-benhausen.de\/index.php?rest_route=\/wp\/v2\/types\/page"}],"author":[{"embeddable":true,"href":"https:\/\/www.sv-benhausen.de\/index.php?rest_route=\/wp\/v2\/users\/2"}],"replies":[{"embeddable":true,"href":"https:\/\/www.sv-benhausen.de\/index.php?rest_route=%2Fwp%2Fv2%2Fcomments&post=1244"}],"version-history":[{"count":28,"href":"https:\/\/www.sv-benhausen.de\/index.php?rest_route=\/wp\/v2\/pages\/1244\/revisions"}],"predecessor-version":[{"id":1797,"href":"https:\/\/www.sv-benhausen.de\/index.php?rest_route=\/wp\/v2\/pages\/1244\/revisions\/1797"}],"wp:attachment":[{"href":"https:\/\/www.sv-benhausen.de\/index.php?rest_route=%2Fwp%2Fv2%2Fmedia&parent=1244"}],"curies":[{"name":"wp","href":"https:\/\/api.w.org\/{rel}","templated":true}]}}