{"id":12,"date":"2017-06-27T14:55:12","date_gmt":"2017-06-27T12:55:12","guid":{"rendered":"https:\/\/www.sv-benhausen.de\/wp\/?page_id=12"},"modified":"2021-05-10T16:46:44","modified_gmt":"2021-05-10T14:46:44","slug":"fussball","status":"publish","type":"page","link":"https:\/\/www.sv-benhausen.de\/?page_id=12","title":{"rendered":"Fu\u00dfball"},"content":{"rendered":"\t\t<div data-elementor-type=\"wp-page\" data-elementor-id=\"12\" class=\"elementor elementor-12\">\n\t\t\t\t\t\t<div class=\"elementor-inner\">\n\t\t\t\t<div class=\"elementor-section-wrap\">\n\t\t\t\t\t\t\t\t\t<section class=\"elementor-section elementor-top-section elementor-element elementor-element-0f9ba48 elementor-section-boxed elementor-section-height-default elementor-section-height-default\" data-id=\"0f9ba48\" data-element_type=\"section\">\n\t\t\t\t\t\t<div class=\"elementor-container elementor-column-gap-default\">\n\t\t\t\t\t\t\t<div class=\"elementor-row\">\n\t\t\t\t\t<div class=\"elementor-column elementor-col-100 elementor-top-column elementor-element elementor-element-eef3044\" data-id=\"eef3044\" data-element_type=\"column\">\n\t\t\t<div class=\"elementor-column-wrap elementor-element-populated\">\n\t\t\t\t\t\t\t<div class=\"elementor-widget-wrap\">\n\t\t\t\t\t\t<div class=\"elementor-element elementor-element-b6e9d77 elementor-widget elementor-widget-text-editor\" data-id=\"b6e9d77\" data-element_type=\"widget\" data-widget_type=\"text-editor.default\">\n\t\t\t\t<div class=\"elementor-widget-container\">\n\t\t\t\t\t\t\t\t<div class=\"elementor-text-editor elementor-clearfix\">\n\t\t\t\t<h1>Willkommen beim SVB!<\/h1>\t\t\t\t\t<\/div>\n\t\t\t\t\t\t<\/div>\n\t\t\t\t<\/div>\n\t\t\t\t\t\t<\/div>\n\t\t\t\t\t<\/div>\n\t\t<\/div>\n\t\t\t\t\t\t\t\t<\/div>\n\t\t\t\t\t<\/div>\n\t\t<\/section>\n\t\t\t\t<section class=\"elementor-section elementor-top-section elementor-element elementor-element-fb74ba3 elementor-section-boxed elementor-section-height-default elementor-section-height-default\" data-id=\"fb74ba3\" data-element_type=\"section\">\n\t\t\t\t\t\t<div class=\"elementor-container elementor-column-gap-default\">\n\t\t\t\t\t\t\t<div class=\"elementor-row\">\n\t\t\t\t\t<div class=\"elementor-column elementor-col-100 elementor-top-column elementor-element elementor-element-69b7782\" data-id=\"69b7782\" data-element_type=\"column\">\n\t\t\t<div class=\"elementor-column-wrap elementor-element-populated\">\n\t\t\t\t\t\t\t<div class=\"elementor-widget-wrap\">\n\t\t\t\t\t\t<div class=\"elementor-element elementor-element-2815e613 elementor-widget elementor-widget-text-editor\" data-id=\"2815e613\" data-element_type=\"widget\" data-widget_type=\"text-editor.default\">\n\t\t\t\t<div class=\"elementor-widget-container\">\n\t\t\t\t\t\t\t\t<div class=\"elementor-text-editor elementor-clearfix\">\n\t\t\t\t<div class=\"entry-content\"><figure class=\"image_container\"><\/figure><p><br \/>Liebe Fu\u00dfballbegeisterte,<\/p><p>sehr geehrte Sportsfreunde,<\/p><p>herzlich willkommen auf der Homepage der Fu\u00dfballer des SV Benhausen! Wie Sie sehen, haben wir begonnen, hier \u201eneue Seiten\u201c aufzuziehen. Noch ist nicht alles auf dem neuesten Stand, aber wir arbeiten kontinuierlich dran.<\/p><p>Wussten Sie, dass das Wort \u201eTeam\u201c lediglich eine Abk\u00fcrzung ist und aufgel\u00f6st f\u00fcr \u201eToll, ein anderer macht\u2019s\u201c steht? Man mag zun\u00e4chst dar\u00fcber schmunzeln, aber letzten Endes wird hier ein wunder Punkt angesprochen, an dem nicht nur Fu\u00dfballvereine, sondern alle Sportarten vermehrt zu knabbern haben: Menschen zu finden, die bereit sind, ihre freie Zeit trotz hoher Arbeitszeiten, famili\u00e4rer Verpflichtungen und eigenen Hobbys gemeinschaftlich und ehrenamtlich in Vereinen zu verbringen. Der SV Benhausen kann hiervon mehr als nur ein Lied singen. Gerade deshalb bin ich froh und erleichtert, dass sich ein Team\u00a0 gefunden hat, dessen Struktur in den kommenden Jahren den Fu\u00dfball am Benser Bahndamm f\u00fcr alle Altersklassen sichern und attraktiv halten will. Neben all diesen Engagierten sind es nat\u00fcrlich unsere Sponsoren aus der Region, die in vielen Bereichen den Weg f\u00fcr gute Jugend- und Seniorenarbeit ebnen.<\/p><p>Das Fu\u00dfballherz beim SV Benhausen schl\u00e4gt auch in Zukunft nicht st\u00e4rker f\u00fcr eine bestimmte Gruppe: Ob M\u00e4dels oder Jungs, Damen oder Herren: es wird eine gleichm\u00e4\u00dfige F\u00f6rderung aller Richtungen gehen. Gerade im Hinblick auf die Verantwortung f\u00fcr Kinder und Jugendliche in unserem Verein beteiligen wir uns nicht an einem finanziellen \u00dcberbietungswettbewerb, der mittlerweile sogar in den unteren Klassen des Amateurfu\u00dfballs Einzug gehalten hat. Trotzdem sehen wir uns nat\u00fcrlich auch in Zukunft \u2013 mit leichtem Augenzwinkern \u2013 als die \u201eMacht vom Benser Bahndamm\u201c.<\/p><p>Wir sind stolz auf unsere familienfreundliche Beitragsstruktur, mit der wir zum Ausdruck bringen wollen, dass alle Generationen herzlich willkommen sind, um gemeinsam Sport zu treiben.<\/p><p>Ich erlaube mir abschlie\u00dfend, alle Interessierten herzlich einzuladen, beim SV Benhausen aktiv zu werden. Wir freuen uns selbstverst\u00e4ndlich auch auf Neuzug\u00e4nge, die bisher noch nicht den Weg nach Benhausen gefunden haben. Trainer, Betreuer, Spieler, Ehrenamtler aller Altersklassen und Interessengebiete sind uns immer Willkommen: Denn es gibt viel zu tun.<\/p><p>Wir sehen uns beim SV Benhausen!<\/p><p>Herzlichst<br \/>Jochen Niggemeier<\/p><\/div>\t\t\t\t\t<\/div>\n\t\t\t\t\t\t<\/div>\n\t\t\t\t<\/div>\n\t\t\t\t\t\t<\/div>\n\t\t\t\t\t<\/div>\n\t\t<\/div>\n\t\t\t\t\t\t\t\t<\/div>\n\t\t\t\t\t<\/div>\n\t\t<\/section>\n\t\t\t\t\t\t\t\t\t<\/div>\n\t\t\t<\/div>\n\t\t\t\t\t<\/div>\n\t\t","protected":false},"excerpt":{"rendered":"<p>Willkommen beim SVB! Liebe Fu\u00dfballbegeisterte, sehr geehrte Sportsfreunde, herzlich willkommen auf der Homepage der Fu\u00dfballer des SV Benhausen! Wie Sie sehen, haben wir begonnen, hier \u201eneue Seiten\u201c aufzuziehen. Noch ist nicht alles auf dem neuesten Stand, aber wir arbeiten kontinuierlich dran. Wussten Sie, dass das Wort \u201eTeam\u201c lediglich eine Abk\u00fcrzung &hellip; <\/p>\n","protected":false},"author":1,"featured_media":0,"parent":0,"menu_order":0,"comment_status":"closed","ping_status":"closed","template":"","meta":{"footnotes":""},"class_list":["post-12","page","type-page","status-publish","hentry"],"_links":{"self":[{"href":"https:\/\/www.sv-benhausen.de\/index.php?rest_route=\/wp\/v2\/pages\/12","targetHints":{"allow":["GET"]}}],"collection":[{"href":"https:\/\/www.sv-benhausen.de\/index.php?rest_route=\/wp\/v2\/pages"}],"about":[{"href":"https:\/\/www.sv-benhausen.de\/index.php?rest_route=\/wp\/v2\/types\/page"}],"author":[{"embeddable":true,"href":"https:\/\/www.sv-benhausen.de\/index.php?rest_route=\/wp\/v2\/users\/1"}],"replies":[{"embeddable":true,"href":"https:\/\/www.sv-benhausen.de\/index.php?rest_route=%2Fwp%2Fv2%2Fcomments&post=12"}],"version-history":[{"count":9,"href":"https:\/\/www.sv-benhausen.de\/index.php?rest_route=\/wp\/v2\/pages\/12\/revisions"}],"predecessor-version":[{"id":1020,"href":"https:\/\/www.sv-benhausen.de\/index.php?rest_route=\/wp\/v2\/pages\/12\/revisions\/1020"}],"wp:attachment":[{"href":"https:\/\/www.sv-benhausen.de\/index.php?rest_route=%2Fwp%2Fv2%2Fmedia&parent=12"}],"curies":[{"name":"wp","href":"https:\/\/api.w.org\/{rel}","templated":true}]}}